{"id":7957,"date":"2025-06-26T12:44:46","date_gmt":"2025-06-26T10:44:46","guid":{"rendered":"https:\/\/nest.paolochiesifoundation.org\/privacy-policy\/"},"modified":"2025-12-04T12:51:56","modified_gmt":"2025-12-04T11:51:56","slug":"privacy-policy","status":"publish","type":"page","link":"https:\/\/nest.paolochiesifoundation.org\/fr\/privacy-policy\/","title":{"rendered":"Privacy Policy"},"content":{"rendered":"<div class=\"fusion-fullwidth fullwidth-box fusion-builder-row-1 fusion-flex-container has-pattern-background has-mask-background nonhundred-percent-fullwidth non-hundred-percent-height-scrolling\" style=\"--awb-border-radius-top-left:0px;--awb-border-radius-top-right:0px;--awb-border-radius-bottom-right:0px;--awb-border-radius-bottom-left:0px;--awb-flex-wrap:wrap;\" ><div class=\"fusion-builder-row fusion-row fusion-flex-align-items-flex-start fusion-flex-justify-content-center fusion-flex-content-wrap\" style=\"max-width:1996.8px;margin-left: calc(-4% \/ 2 );margin-right: calc(-4% \/ 2 );\"><div class=\"fusion-layout-column fusion_builder_column fusion-builder-column-0 fusion_builder_column_4_5 4_5 fusion-flex-column\" style=\"--awb-bg-size:cover;--awb-width-large:80%;--awb-margin-top-large:0px;--awb-spacing-right-large:2.4%;--awb-margin-bottom-large:0px;--awb-spacing-left-large:2.4%;--awb-width-medium:100%;--awb-spacing-right-medium:1.92%;--awb-spacing-left-medium:1.92%;--awb-width-small:100%;--awb-spacing-right-small:1.92%;--awb-spacing-left-small:1.92%;\"><div class=\"fusion-column-wrapper fusion-flex-justify-content-flex-start fusion-content-layout-column\"><div class=\"fusion-text fusion-text-1\" style=\"--awb-font-size:var(--awb-typography1-font-size);--awb-line-height:var(--awb-typography1-line-height);--awb-letter-spacing:var(--awb-typography1-letter-spacing);--awb-text-color:var(--awb-custom_color_1);\"><p>Politique de confidentialit\u00e9<\/p>\n<\/div><div class=\"fusion-text fusion-text-2\" style=\"--awb-text-color:var(--awb-color8);\"><p>Cette politique de confidentialit\u00e9 r\u00e9git la mani\u00e8re dont la Fondation Paolo Chiesi recueille, utilise, stocke et divulgue les informations collect\u00e9es aupr\u00e8s des utilisateurs (chacun, un \u00ab\u00a0Utilisateur\u00a0\u00bb) du site web nest.paolochiesifoundation.org (\u00ab\u00a0Site\u00a0\u00bb).<\/p>\n<p>Cette politique de confidentialit\u00e9 s&rsquo;applique au site et \u00e0 tous les produits et services offerts par la Fondation Paolo Chiesi.<\/p>\n<p><strong>Informations personnelles identifiables<\/strong><\/p>\n<p>Nous pouvons collecter des informations personnellement identifiables aupr\u00e8s des utilisateurs de diff\u00e9rentes mani\u00e8res, y compris, mais sans s&rsquo;y limiter, lorsque les utilisateurs visitent notre site, remplissent un formulaire et en relation avec d&rsquo;autres entreprises, services, fonctions ou ressources que nous mettons \u00e0 disposition sur notre site. Les utilisateurs peuvent \u00eatre invit\u00e9s, le cas \u00e9ch\u00e9ant, \u00e0 fournir leur adresse \u00e9lectronique. Les utilisateurs peuvent toutefois visiter notre site de mani\u00e8re anonyme.<\/p>\n<p>Nous ne recueillons des informations personnellement identifiables aupr\u00e8s des utilisateurs que s&rsquo;ils nous les soumettent volontairement. Les utilisateurs peuvent toujours refuser de fournir des informations personnellement identifiables, \u00e0 moins que cela ne les emp\u00eache de participer \u00e0 certaines activit\u00e9s li\u00e9es au site.<\/p>\n<p><strong>Informations d&rsquo;identification non personnelles<\/strong><\/p>\n<p>Nous pouvons recueillir des informations non personnellement identifiables aupr\u00e8s des utilisateurs lorsqu&rsquo;ils interagissent avec notre site. Les informations non personnelles identifiables peuvent inclure le nom de votre navigateur, le type d&rsquo;ordinateur et des informations techniques relatives \u00e0 notre site, telles que le syst\u00e8me d&rsquo;exploitation et les fournisseurs d&rsquo;acc\u00e8s \u00e0 Internet utilis\u00e9s, ainsi que d&rsquo;autres informations similaires.<\/p>\n<p><strong>Comment nous utilisons les informations collect\u00e9es<\/strong><\/p>\n<p>La Fondation Paolo Chiesi peut collecter et utiliser les informations personnelles des utilisateurs aux fins suivantes :<\/p>\n<ul>\n<li>Pour am\u00e9liorer notre site<\/li>\n<li>Pour envoyer des courriels p\u00e9riodiques<\/li>\n<li>Si l&rsquo;utilisateur d\u00e9cide de s&rsquo;inscrire \u00e0 notre liste de diffusion, il recevra des courriels qui peuvent inclure des nouvelles de la Fondation, des mises \u00e0 jour, des informations relatives \u00e0 des projets et initiatives, etc.<\/li>\n<\/ul>\n<p><strong>Comment nous prot\u00e9geons les informations<\/strong><\/p>\n<p>Nous prenons des mesures ad\u00e9quates en mati\u00e8re de collecte, de stockage, de traitement et de s\u00e9curit\u00e9 des donn\u00e9es pour emp\u00eacher l&rsquo;acc\u00e8s non autoris\u00e9, la modification, la divulgation ou la destruction de vos donn\u00e9es, de votre nom d&rsquo;utilisateur, de votre mot de passe, de vos informations de transaction et de vos donn\u00e9es personnelles stock\u00e9es sur notre site.<\/p>\n<p><strong>Partage des informations personnelles<\/strong><\/p>\n<p>Nous ne vendons pas, n&rsquo;\u00e9changeons pas et ne louons pas \u00e0 des tiers les informations permettant d&rsquo;identifier les utilisateurs.<\/p>\n<p>Sites web de tiers. Les utilisateurs peuvent trouver sur notre site d&rsquo;autres contenus qui pointent vers les sites de nos partenaires, fournisseurs, sponsors, d\u00e9tenteurs de licences et autres tiers. Nous ne contr\u00f4lons pas le contenu ou les liens qui apparaissent sur ces sites et ne sommes pas responsables des pratiques employ\u00e9es par les sites web li\u00e9s ou notre site. En outre, ces sites ou services, y compris leur contenu et leurs liens, peuvent \u00eatre en constante \u00e9volution. Ces sites et services peuvent avoir leurs propres politiques en mati\u00e8re de protection de la vie priv\u00e9e et de service \u00e0 la client\u00e8le. La navigation et l&rsquo;interaction sur tout autre site web, y compris les sites web ayant un lien vers notre site, sont soumises aux m\u00eames conditions et politiques que ce site.<\/p>\n<p><strong>Modifications de la pr\u00e9sente d\u00e9claration de confidentialit\u00e9<\/strong><\/p>\n<p>La Fondation Paolo Chiesi a le droit de mettre \u00e0 jour cette politique de confidentialit\u00e9 \u00e0 tout moment. Nous encourageons les utilisateurs \u00e0 consulter fr\u00e9quemment cette page pour prendre connaissance des changements \u00e9ventuels et rester inform\u00e9s de la mani\u00e8re dont nous contribuons \u00e0 prot\u00e9ger les informations personnelles que nous recueillons. Vous reconnaissez et acceptez qu&rsquo;il est de votre responsabilit\u00e9 de consulter r\u00e9guli\u00e8rement ces politiques et de prendre connaissance de tout changement.<\/p>\n<p><strong>Acceptation de ces conditions<\/strong><\/p>\n<p>L&rsquo;utilisation de ce site implique l&rsquo;acceptation de cette politique. Si vous n&rsquo;acceptez pas cette politique, veuillez ne pas utiliser notre site. La poursuite de l&rsquo;utilisation du site apr\u00e8s la publication de modifications de la pr\u00e9sente politique implique l&rsquo;acceptation de ces modifications.<\/p>\n<p><strong>Contactez nous<\/strong><\/p>\n<p>Pour toute question concernant la pr\u00e9sente politique de confidentialit\u00e9, les pratiques de ce site ou votre relation avec ce site, veuillez nous contacter \u00e0 l&rsquo;adresse suivante : <span style=\"color: #85c9f0;\"><a style=\"color: #85c9f0;\" href=\"mailto:info@paolochiesifoundation.org\">info@paolochiesifoundation.org<\/a><\/span>.<\/p>\n<\/div><\/div><\/div><\/div><\/div>\n","protected":false},"excerpt":{"rendered":"","protected":false},"author":1,"featured_media":0,"parent":0,"menu_order":0,"comment_status":"closed","ping_status":"open","template":"","meta":{"footnotes":""},"class_list":["post-7957","page","type-page","status-publish","hentry"],"yoast_head":"<!-- This site is optimized with the Yoast SEO plugin v27.4 - https:\/\/yoast.com\/product\/yoast-seo-wordpress\/ -->\n<title>Privacy Policy - NEST<\/title>\n<meta name=\"robots\" content=\"noindex, follow, max-snippet:-1, max-image-preview:large, max-video-preview:-1\" \/>\n<meta property=\"og:locale\" content=\"fr_FR\" \/>\n<meta property=\"og:type\" content=\"article\" \/>\n<meta property=\"og:title\" content=\"Privacy Policy - NEST\" \/>\n<meta property=\"og:url\" content=\"https:\/\/nest.paolochiesifoundation.org\/fr\/privacy-policy\/\" \/>\n<meta property=\"og:site_name\" content=\"NEST\" \/>\n<meta property=\"article:modified_time\" content=\"2025-12-04T11:51:56+00:00\" \/>\n<meta name=\"twitter:card\" content=\"summary_large_image\" \/>\n<meta name=\"twitter:label1\" content=\"Dur\u00e9e de lecture estim\u00e9e\" \/>\n\t<meta name=\"twitter:data1\" content=\"3 minutes\" \/>\n<script type=\"application\/ld+json\" class=\"yoast-schema-graph\">{\"@context\":\"https:\\\/\\\/schema.org\",\"@graph\":[{\"@type\":\"WebPage\",\"@id\":\"https:\\\/\\\/nest.paolochiesifoundation.org\\\/fr\\\/privacy-policy\\\/\",\"url\":\"https:\\\/\\\/nest.paolochiesifoundation.org\\\/fr\\\/privacy-policy\\\/\",\"name\":\"Privacy Policy - NEST\",\"isPartOf\":{\"@id\":\"https:\\\/\\\/nest.paolochiesifoundation.org\\\/fr\\\/#website\"},\"datePublished\":\"2025-06-26T10:44:46+00:00\",\"dateModified\":\"2025-12-04T11:51:56+00:00\",\"breadcrumb\":{\"@id\":\"https:\\\/\\\/nest.paolochiesifoundation.org\\\/fr\\\/privacy-policy\\\/#breadcrumb\"},\"inLanguage\":\"fr-FR\",\"potentialAction\":[{\"@type\":\"ReadAction\",\"target\":[\"https:\\\/\\\/nest.paolochiesifoundation.org\\\/fr\\\/privacy-policy\\\/\"]}]},{\"@type\":\"BreadcrumbList\",\"@id\":\"https:\\\/\\\/nest.paolochiesifoundation.org\\\/fr\\\/privacy-policy\\\/#breadcrumb\",\"itemListElement\":[{\"@type\":\"ListItem\",\"position\":1,\"name\":\"Home\",\"item\":\"https:\\\/\\\/nest.paolochiesifoundation.org\\\/fr\\\/\"},{\"@type\":\"ListItem\",\"position\":2,\"name\":\"Privacy Policy\"}]},{\"@type\":\"WebSite\",\"@id\":\"https:\\\/\\\/nest.paolochiesifoundation.org\\\/fr\\\/#website\",\"url\":\"https:\\\/\\\/nest.paolochiesifoundation.org\\\/fr\\\/\",\"name\":\"NEST\",\"description\":\"\",\"potentialAction\":[{\"@type\":\"SearchAction\",\"target\":{\"@type\":\"EntryPoint\",\"urlTemplate\":\"https:\\\/\\\/nest.paolochiesifoundation.org\\\/fr\\\/?s={search_term_string}\"},\"query-input\":{\"@type\":\"PropertyValueSpecification\",\"valueRequired\":true,\"valueName\":\"search_term_string\"}}],\"inLanguage\":\"fr-FR\"}]}<\/script>\n<!-- \/ Yoast SEO plugin. -->","yoast_head_json":{"title":"Privacy Policy - NEST","robots":{"index":"noindex","follow":"follow","max-snippet":"max-snippet:-1","max-image-preview":"max-image-preview:large","max-video-preview":"max-video-preview:-1"},"og_locale":"fr_FR","og_type":"article","og_title":"Privacy Policy - NEST","og_url":"https:\/\/nest.paolochiesifoundation.org\/fr\/privacy-policy\/","og_site_name":"NEST","article_modified_time":"2025-12-04T11:51:56+00:00","twitter_card":"summary_large_image","twitter_misc":{"Dur\u00e9e de lecture estim\u00e9e":"3 minutes"},"schema":{"@context":"https:\/\/schema.org","@graph":[{"@type":"WebPage","@id":"https:\/\/nest.paolochiesifoundation.org\/fr\/privacy-policy\/","url":"https:\/\/nest.paolochiesifoundation.org\/fr\/privacy-policy\/","name":"Privacy Policy - NEST","isPartOf":{"@id":"https:\/\/nest.paolochiesifoundation.org\/fr\/#website"},"datePublished":"2025-06-26T10:44:46+00:00","dateModified":"2025-12-04T11:51:56+00:00","breadcrumb":{"@id":"https:\/\/nest.paolochiesifoundation.org\/fr\/privacy-policy\/#breadcrumb"},"inLanguage":"fr-FR","potentialAction":[{"@type":"ReadAction","target":["https:\/\/nest.paolochiesifoundation.org\/fr\/privacy-policy\/"]}]},{"@type":"BreadcrumbList","@id":"https:\/\/nest.paolochiesifoundation.org\/fr\/privacy-policy\/#breadcrumb","itemListElement":[{"@type":"ListItem","position":1,"name":"Home","item":"https:\/\/nest.paolochiesifoundation.org\/fr\/"},{"@type":"ListItem","position":2,"name":"Privacy Policy"}]},{"@type":"WebSite","@id":"https:\/\/nest.paolochiesifoundation.org\/fr\/#website","url":"https:\/\/nest.paolochiesifoundation.org\/fr\/","name":"NEST","description":"","potentialAction":[{"@type":"SearchAction","target":{"@type":"EntryPoint","urlTemplate":"https:\/\/nest.paolochiesifoundation.org\/fr\/?s={search_term_string}"},"query-input":{"@type":"PropertyValueSpecification","valueRequired":true,"valueName":"search_term_string"}}],"inLanguage":"fr-FR"}]}},"_links":{"self":[{"href":"https:\/\/nest.paolochiesifoundation.org\/fr\/wp-json\/wp\/v2\/pages\/7957","targetHints":{"allow":["GET"]}}],"collection":[{"href":"https:\/\/nest.paolochiesifoundation.org\/fr\/wp-json\/wp\/v2\/pages"}],"about":[{"href":"https:\/\/nest.paolochiesifoundation.org\/fr\/wp-json\/wp\/v2\/types\/page"}],"author":[{"embeddable":true,"href":"https:\/\/nest.paolochiesifoundation.org\/fr\/wp-json\/wp\/v2\/users\/1"}],"replies":[{"embeddable":true,"href":"https:\/\/nest.paolochiesifoundation.org\/fr\/wp-json\/wp\/v2\/comments?post=7957"}],"version-history":[{"count":1,"href":"https:\/\/nest.paolochiesifoundation.org\/fr\/wp-json\/wp\/v2\/pages\/7957\/revisions"}],"predecessor-version":[{"id":8039,"href":"https:\/\/nest.paolochiesifoundation.org\/fr\/wp-json\/wp\/v2\/pages\/7957\/revisions\/8039"}],"wp:attachment":[{"href":"https:\/\/nest.paolochiesifoundation.org\/fr\/wp-json\/wp\/v2\/media?parent=7957"}],"curies":[{"name":"wp","href":"https:\/\/api.w.org\/{rel}","templated":true}]}}