{"id":7954,"date":"2025-09-10T10:47:59","date_gmt":"2025-09-10T08:47:59","guid":{"rendered":"https:\/\/nest.paolochiesifoundation.org\/?page_id=7954"},"modified":"2025-12-03T14:57:12","modified_gmt":"2025-12-03T13:57:12","slug":"conditions-utilisation","status":"publish","type":"page","link":"https:\/\/nest.paolochiesifoundation.org\/fr\/conditions-utilisation\/","title":{"rendered":"Conditions d&rsquo;utilisation"},"content":{"rendered":"<div class=\"fusion-fullwidth fullwidth-box fusion-builder-row-1 fusion-flex-container has-pattern-background has-mask-background nonhundred-percent-fullwidth non-hundred-percent-height-scrolling\" style=\"--awb-border-radius-top-left:0px;--awb-border-radius-top-right:0px;--awb-border-radius-bottom-right:0px;--awb-border-radius-bottom-left:0px;--awb-flex-wrap:wrap;\" ><div class=\"fusion-builder-row fusion-row fusion-flex-align-items-flex-start fusion-flex-justify-content-center fusion-flex-content-wrap\" style=\"max-width:1996.8px;margin-left: calc(-4% \/ 2 );margin-right: calc(-4% \/ 2 );\"><div class=\"fusion-layout-column fusion_builder_column fusion-builder-column-0 fusion_builder_column_4_5 4_5 fusion-flex-column\" style=\"--awb-bg-size:cover;--awb-width-large:80%;--awb-margin-top-large:30px;--awb-spacing-right-large:2.4%;--awb-margin-bottom-large:0px;--awb-spacing-left-large:2.4%;--awb-width-medium:100%;--awb-order-medium:0;--awb-spacing-right-medium:1.92%;--awb-spacing-left-medium:1.92%;--awb-width-small:100%;--awb-order-small:0;--awb-spacing-right-small:1.92%;--awb-spacing-left-small:1.92%;\" data-scroll-devices=\"small-visibility,medium-visibility,large-visibility\"><div class=\"fusion-column-wrapper fusion-column-has-shadow fusion-flex-justify-content-flex-start fusion-content-layout-column\"><div class=\"fusion-title title fusion-title-1 fusion-title-text fusion-title-size-paragraph\" style=\"--awb-text-color:var(--awb-custom_color_1);--awb-margin-top-small:0px;--awb-margin-bottom-small:20px;--awb-font-size:48px;\"><div class=\"title-sep-container title-sep-container-left fusion-no-large-visibility fusion-no-medium-visibility fusion-no-small-visibility\"><div class=\"title-sep sep- sep-solid\" style=\"border-color:var(--awb-color3);\"><\/div><\/div><span class=\"awb-title-spacer fusion-no-large-visibility fusion-no-medium-visibility fusion-no-small-visibility\"><\/span><p class=\"fusion-title-heading title-heading-left title-heading-tag fusion-responsive-typography-calculated\" style=\"margin:0;letter-spacing:-0.015em;text-transform:capitalize;font-size:1em;--fontSize:48;line-height:1.2;\">Conditions d&rsquo;utilisation<\/p><span class=\"awb-title-spacer\"><\/span><div class=\"title-sep-container title-sep-container-right\"><div class=\"title-sep sep- sep-solid\" style=\"border-color:var(--awb-color3);\"><\/div><\/div><\/div><div class=\"fusion-text fusion-text-1\" style=\"--awb-text-color:var(--awb-color8);\"><p>La Fondation Paolo Chiesi est propri\u00e9taire du site web. La Fondation Paolo Chiesi peut, \u00e0 son enti\u00e8re discr\u00e9tion, modifier ou corriger les pr\u00e9sentes conditions d&rsquo;utilisation \u00e0 tout moment en mettant \u00e0 jour le texte de cette page.<\/p>\n<p>Nous adh\u00e9rons au r\u00e9f\u00e9rentiel HONcode pour la fiabilit\u00e9 de l&rsquo;information m\u00e9dicale.<\/p>\n<p><strong>Principes Honcode<\/strong><\/p>\n<p><strong>Principe 1<\/strong><\/p>\n<p>Toute information m\u00e9dicale fournie et h\u00e9berg\u00e9e par le site est r\u00e9dig\u00e9e exclusivement par des experts m\u00e9dicaux et des professionnels qualifi\u00e9s, sauf mention contraire pr\u00e9cisant que certaines informations proviennent de personnes ou d&rsquo;organisations non m\u00e9dicales.<\/p>\n<p><strong>Principe 2<\/strong><\/p>\n<p>Les informations diffus\u00e9es par le site ne sauraient se substituer \u00e0 un avis m\u00e9dical professionnel.<\/p>\n<p>Le site a pour objectif de promouvoir la recherche scientifique et de diffuser les connaissances biom\u00e9dicales, de soutenir les jeunes chercheurs, de d\u00e9velopper des projets de transfert de connaissances vers les pays en d\u00e9veloppement, ainsi que des projets de solidarit\u00e9 avec les associations de patients atteints de maladies rares. Ce site s&rsquo;adresse \u00e0 un large public\u00a0: patients, familles, personnel m\u00e9dico-scientifique et toute personne souhaitant s&rsquo;informer sur les pathologies \u00e9tudi\u00e9es et les initiatives de la Fondation Paolo Chiesi.<\/p>\n<p><strong>Principe 3<\/strong><\/p>\n<p>Les informations personnelles des patients et des visiteurs du site, y compris leur identit\u00e9, sont confidentielles. Le gestionnaire du site s&rsquo;engage sur l&rsquo;honneur \u00e0 respecter les obligations l\u00e9gales de confidentialit\u00e9 des informations m\u00e9dicales, conform\u00e9ment \u00e0 la l\u00e9gislation du pays o\u00f9 sont situ\u00e9s le serveur et les sites miroirs.<\/p>\n<p><strong>Principe 4<\/strong><\/p>\n<p>La source des informations diffus\u00e9es doit \u00eatre clairement indiqu\u00e9e et, si possible, accompagn\u00e9e d&rsquo;un lien vers ces donn\u00e9es. La date de la derni\u00e8re mise \u00e0 jour doit figurer en \u00e9vidence sur la page (par exemple, en bas de chaque page).<\/p>\n<\/div><\/div><\/div><\/div><\/div>\n","protected":false},"excerpt":{"rendered":"","protected":false},"author":3,"featured_media":0,"parent":0,"menu_order":0,"comment_status":"closed","ping_status":"open","template":"","meta":{"footnotes":""},"class_list":["post-7954","page","type-page","status-publish","hentry"],"yoast_head":"<!-- This site is optimized with the Yoast SEO plugin v27.4 - https:\/\/yoast.com\/product\/yoast-seo-wordpress\/ -->\n<title>Conditions d&#039;utilisation - NEST<\/title>\n<meta name=\"robots\" content=\"noindex, follow, max-snippet:-1, max-image-preview:large, max-video-preview:-1\" \/>\n<meta property=\"og:locale\" content=\"fr_FR\" \/>\n<meta property=\"og:type\" content=\"article\" \/>\n<meta property=\"og:title\" content=\"Conditions d&#039;utilisation - NEST\" \/>\n<meta property=\"og:url\" content=\"https:\/\/nest.paolochiesifoundation.org\/fr\/conditions-utilisation\/\" \/>\n<meta property=\"og:site_name\" content=\"NEST\" \/>\n<meta property=\"article:modified_time\" content=\"2025-12-03T13:57:12+00:00\" \/>\n<meta name=\"twitter:card\" content=\"summary_large_image\" \/>\n<meta name=\"twitter:label1\" content=\"Dur\u00e9e de lecture estim\u00e9e\" \/>\n\t<meta name=\"twitter:data1\" content=\"2 minutes\" \/>\n<script type=\"application\/ld+json\" class=\"yoast-schema-graph\">{\"@context\":\"https:\\\/\\\/schema.org\",\"@graph\":[{\"@type\":\"WebPage\",\"@id\":\"https:\\\/\\\/nest.paolochiesifoundation.org\\\/fr\\\/conditions-utilisation\\\/\",\"url\":\"https:\\\/\\\/nest.paolochiesifoundation.org\\\/fr\\\/conditions-utilisation\\\/\",\"name\":\"Conditions d'utilisation - NEST\",\"isPartOf\":{\"@id\":\"https:\\\/\\\/nest.paolochiesifoundation.org\\\/fr\\\/#website\"},\"datePublished\":\"2025-09-10T08:47:59+00:00\",\"dateModified\":\"2025-12-03T13:57:12+00:00\",\"breadcrumb\":{\"@id\":\"https:\\\/\\\/nest.paolochiesifoundation.org\\\/fr\\\/conditions-utilisation\\\/#breadcrumb\"},\"inLanguage\":\"fr-FR\",\"potentialAction\":[{\"@type\":\"ReadAction\",\"target\":[\"https:\\\/\\\/nest.paolochiesifoundation.org\\\/fr\\\/conditions-utilisation\\\/\"]}]},{\"@type\":\"BreadcrumbList\",\"@id\":\"https:\\\/\\\/nest.paolochiesifoundation.org\\\/fr\\\/conditions-utilisation\\\/#breadcrumb\",\"itemListElement\":[{\"@type\":\"ListItem\",\"position\":1,\"name\":\"Home\",\"item\":\"https:\\\/\\\/nest.paolochiesifoundation.org\\\/fr\\\/\"},{\"@type\":\"ListItem\",\"position\":2,\"name\":\"Conditions d&#8217;utilisation\"}]},{\"@type\":\"WebSite\",\"@id\":\"https:\\\/\\\/nest.paolochiesifoundation.org\\\/fr\\\/#website\",\"url\":\"https:\\\/\\\/nest.paolochiesifoundation.org\\\/fr\\\/\",\"name\":\"NEST\",\"description\":\"\",\"potentialAction\":[{\"@type\":\"SearchAction\",\"target\":{\"@type\":\"EntryPoint\",\"urlTemplate\":\"https:\\\/\\\/nest.paolochiesifoundation.org\\\/fr\\\/?s={search_term_string}\"},\"query-input\":{\"@type\":\"PropertyValueSpecification\",\"valueRequired\":true,\"valueName\":\"search_term_string\"}}],\"inLanguage\":\"fr-FR\"}]}<\/script>\n<!-- \/ Yoast SEO plugin. -->","yoast_head_json":{"title":"Conditions d'utilisation - NEST","robots":{"index":"noindex","follow":"follow","max-snippet":"max-snippet:-1","max-image-preview":"max-image-preview:large","max-video-preview":"max-video-preview:-1"},"og_locale":"fr_FR","og_type":"article","og_title":"Conditions d'utilisation - NEST","og_url":"https:\/\/nest.paolochiesifoundation.org\/fr\/conditions-utilisation\/","og_site_name":"NEST","article_modified_time":"2025-12-03T13:57:12+00:00","twitter_card":"summary_large_image","twitter_misc":{"Dur\u00e9e de lecture estim\u00e9e":"2 minutes"},"schema":{"@context":"https:\/\/schema.org","@graph":[{"@type":"WebPage","@id":"https:\/\/nest.paolochiesifoundation.org\/fr\/conditions-utilisation\/","url":"https:\/\/nest.paolochiesifoundation.org\/fr\/conditions-utilisation\/","name":"Conditions d'utilisation - NEST","isPartOf":{"@id":"https:\/\/nest.paolochiesifoundation.org\/fr\/#website"},"datePublished":"2025-09-10T08:47:59+00:00","dateModified":"2025-12-03T13:57:12+00:00","breadcrumb":{"@id":"https:\/\/nest.paolochiesifoundation.org\/fr\/conditions-utilisation\/#breadcrumb"},"inLanguage":"fr-FR","potentialAction":[{"@type":"ReadAction","target":["https:\/\/nest.paolochiesifoundation.org\/fr\/conditions-utilisation\/"]}]},{"@type":"BreadcrumbList","@id":"https:\/\/nest.paolochiesifoundation.org\/fr\/conditions-utilisation\/#breadcrumb","itemListElement":[{"@type":"ListItem","position":1,"name":"Home","item":"https:\/\/nest.paolochiesifoundation.org\/fr\/"},{"@type":"ListItem","position":2,"name":"Conditions d&#8217;utilisation"}]},{"@type":"WebSite","@id":"https:\/\/nest.paolochiesifoundation.org\/fr\/#website","url":"https:\/\/nest.paolochiesifoundation.org\/fr\/","name":"NEST","description":"","potentialAction":[{"@type":"SearchAction","target":{"@type":"EntryPoint","urlTemplate":"https:\/\/nest.paolochiesifoundation.org\/fr\/?s={search_term_string}"},"query-input":{"@type":"PropertyValueSpecification","valueRequired":true,"valueName":"search_term_string"}}],"inLanguage":"fr-FR"}]}},"_links":{"self":[{"href":"https:\/\/nest.paolochiesifoundation.org\/fr\/wp-json\/wp\/v2\/pages\/7954","targetHints":{"allow":["GET"]}}],"collection":[{"href":"https:\/\/nest.paolochiesifoundation.org\/fr\/wp-json\/wp\/v2\/pages"}],"about":[{"href":"https:\/\/nest.paolochiesifoundation.org\/fr\/wp-json\/wp\/v2\/types\/page"}],"author":[{"embeddable":true,"href":"https:\/\/nest.paolochiesifoundation.org\/fr\/wp-json\/wp\/v2\/users\/3"}],"replies":[{"embeddable":true,"href":"https:\/\/nest.paolochiesifoundation.org\/fr\/wp-json\/wp\/v2\/comments?post=7954"}],"version-history":[{"count":1,"href":"https:\/\/nest.paolochiesifoundation.org\/fr\/wp-json\/wp\/v2\/pages\/7954\/revisions"}],"predecessor-version":[{"id":7955,"href":"https:\/\/nest.paolochiesifoundation.org\/fr\/wp-json\/wp\/v2\/pages\/7954\/revisions\/7955"}],"wp:attachment":[{"href":"https:\/\/nest.paolochiesifoundation.org\/fr\/wp-json\/wp\/v2\/media?parent=7954"}],"curies":[{"name":"wp","href":"https:\/\/api.w.org\/{rel}","templated":true}]}}