{"id":7949,"date":"2025-09-10T10:47:02","date_gmt":"2025-09-10T08:47:02","guid":{"rendered":"https:\/\/nest.paolochiesifoundation.org\/?page_id=7949"},"modified":"2025-12-03T14:52:56","modified_gmt":"2025-12-03T13:52:56","slug":"cookie-policy","status":"publish","type":"page","link":"https:\/\/nest.paolochiesifoundation.org\/fr\/cookie-policy\/","title":{"rendered":"Cookie Policy"},"content":{"rendered":"<div class=\"fusion-fullwidth fullwidth-box fusion-builder-row-1 fusion-flex-container has-pattern-background has-mask-background nonhundred-percent-fullwidth non-hundred-percent-height-scrolling\" style=\"--awb-border-radius-top-left:0px;--awb-border-radius-top-right:0px;--awb-border-radius-bottom-right:0px;--awb-border-radius-bottom-left:0px;--awb-flex-wrap:wrap;\" ><div class=\"fusion-builder-row fusion-row fusion-flex-align-items-flex-start fusion-flex-justify-content-center fusion-flex-content-wrap\" style=\"max-width:1996.8px;margin-left: calc(-4% \/ 2 );margin-right: calc(-4% \/ 2 );\"><div class=\"fusion-layout-column fusion_builder_column fusion-builder-column-0 fusion_builder_column_4_5 4_5 fusion-flex-column\" style=\"--awb-bg-size:cover;--awb-width-large:80%;--awb-margin-top-large:30px;--awb-spacing-right-large:2.4%;--awb-margin-bottom-large:0px;--awb-spacing-left-large:2.4%;--awb-width-medium:100%;--awb-order-medium:0;--awb-spacing-right-medium:1.92%;--awb-spacing-left-medium:1.92%;--awb-width-small:100%;--awb-order-small:0;--awb-spacing-right-small:1.92%;--awb-spacing-left-small:1.92%;\" data-scroll-devices=\"small-visibility,medium-visibility,large-visibility\"><div class=\"fusion-column-wrapper fusion-column-has-shadow fusion-flex-justify-content-flex-start fusion-content-layout-column\"><div class=\"fusion-title title fusion-title-1 fusion-title-text fusion-title-size-paragraph\" style=\"--awb-text-color:var(--awb-custom_color_1);--awb-margin-top-small:0px;--awb-margin-bottom-small:20px;--awb-font-size:var(--awb-typography1-font-size);\"><div class=\"title-sep-container title-sep-container-left fusion-no-large-visibility fusion-no-medium-visibility fusion-no-small-visibility\"><div class=\"title-sep sep- sep-solid\" style=\"border-color:var(--awb-color3);\"><\/div><\/div><span class=\"awb-title-spacer fusion-no-large-visibility fusion-no-medium-visibility fusion-no-small-visibility\"><\/span><p class=\"fusion-title-heading title-heading-left title-heading-tag fusion-responsive-typography-calculated\" style=\"margin:0;letter-spacing:var(--awb-typography1-letter-spacing);text-transform:none;font-size:1em;--fontSize:48;line-height:var(--awb-typography1-line-height);\">Politique relative aux cookies de nest.paolochiesifoundation.org<\/p><span class=\"awb-title-spacer\"><\/span><div class=\"title-sep-container title-sep-container-right\"><div class=\"title-sep sep- sep-solid\" style=\"border-color:var(--awb-color3);\"><\/div><\/div><\/div><div class=\"fusion-text fusion-text-1\" style=\"--awb-text-color:var(--awb-color8);\"><p>Les cookies sont des donn\u00e9es envoy\u00e9es par un site web et stock\u00e9es dans la m\u00e9moire de votre navigateur. Ils sont parfois n\u00e9cessaires au bon fonctionnement d&rsquo;un site web, car les sites web sont sans \u00e9tat (ils ne conservent pas les informations de l&rsquo;utilisateur d&rsquo;une page interne \u00e0 l&rsquo;autre). Cependant, ils servent parfois \u00e0 suivre l&rsquo;activit\u00e9 des utilisateurs sur plusieurs sites web afin de recueillir des informations d&rsquo;utilisation, d&rsquo;identifier leurs centres d&rsquo;int\u00e9r\u00eat et de cartographier leurs comportements pour leur proposer des publicit\u00e9s cibl\u00e9es. Lorsqu&rsquo;un site web utilise une plateforme de gestion du consentement, il vous permet d&rsquo;autoriser ou de refuser certaines cat\u00e9gories de cookies, ce qui contribue \u00e0 prot\u00e9ger votre vie priv\u00e9e. Vous trouverez ci-dessous une description des cat\u00e9gories de cookies les plus courantes\u00a0:<\/p>\n<p><strong>Cookies n\u00e9cessaires<\/strong><\/p>\n<p>Les cookies n\u00e9cessaires sont indispensables au bon fonctionnement d&rsquo;un site web\u00a0; ils ne sont g\u00e9n\u00e9ralement pas utilis\u00e9s \u00e0 des fins de suivi et ne sont pas partag\u00e9s entre les sites web. L&rsquo;action la plus courante effectu\u00e9e gr\u00e2ce \u00e0 un cookie est l&rsquo;authentification de l&rsquo;utilisateur. Lorsque vous acc\u00e9dez \u00e0 un site web, un cookie est stock\u00e9 dans votre navigateur. Ces donn\u00e9es permettent au site web de se souvenir de l&rsquo;utilisateur connect\u00e9 lorsque vous consultez une autre page interne ou actualisez la page. Les cookies servent \u00e9galement \u00e0 informer un site web du contenu de votre panier, \u00e0 r\u00e9partir la charge et plus encore.<\/p>\n<p><strong>Cookies internes<\/strong><\/p>\n<p>Les cookies internes permettent au site web de m\u00e9moriser des informations afin de personnaliser son apparence pour chaque utilisateur. Cela peut inclure la m\u00e9morisation de la devise, de la r\u00e9gion, de la langue ou du th\u00e8me de couleurs s\u00e9lectionn\u00e9s.<\/p>\n<p><strong>Cookies de suivi<\/strong><\/p>\n<p>Les cookies de suivi ne sont pas strictement n\u00e9cessaires, mais ils servent \u00e0 recueillir des informations pr\u00e9cieuses sur l&rsquo;utilisation d&rsquo;un site web, \u00e0 identifier les probl\u00e8mes et \u00e0 comprendre ce qui doit \u00eatre am\u00e9lior\u00e9 et quel contenu est utile. Les informations recueillies sont g\u00e9n\u00e9ralement anonymes, mais certains services d&rsquo;analyse collectent des informations permettant d&rsquo;identifier l&rsquo;utilisateur.<\/p>\n<p><strong>Cookies marketing<\/strong><\/p>\n<p>Les cookies marketing servent \u00e0 suivre les visiteurs sur diff\u00e9rents sites web afin de permettre aux \u00e9diteurs d&rsquo;afficher des publicit\u00e9s pertinentes et attrayantes. Ce site utilise diff\u00e9rents types de cookies et vous pouvez modifier ou retirer votre consentement \u00e0 tout moment.<\/p>\n<p>La loi nous autorise \u00e0 stocker des cookies sur votre appareil s&rsquo;ils sont strictement n\u00e9cessaires au fonctionnement de ce site web. Pour tous les autres types de cookies, votre consentement explicite est requis.<\/p>\n<p>Cela signifie que les cookies consid\u00e9r\u00e9s comme n\u00e9cessaires sont trait\u00e9s conform\u00e9ment \u00e0 l&rsquo;article 6, paragraphe 1, point f), \u00ab Lic\u00e9it\u00e9 du traitement \u00bb du RGPD. Tous les autres cookies, notamment ceux des cat\u00e9gories \u00ab\u00a0cookies internes\u00a0\u00bb et \u00ab\u00a0cookies marketing\u00a0\u00bb, ne seront activ\u00e9s qu&rsquo;avec votre consentement explicite.<\/p>\n<p>Ce site utilise diff\u00e9rents types de cookies. Certains peuvent \u00eatre li\u00e9s \u00e0 des services tiers pr\u00e9sents sur nos pages.<\/p>\n<p>Vous pouvez modifier ou retirer votre consentement \u00e0 tout moment via la section \u00ab\u00a0Gestion des cookies\u00a0\u00bb &gt; \u00ab\u00a0Gestionnaire de cookies\u00a0\u00bb, accessible depuis le centre de contr\u00f4le de la confidentialit\u00e9, toujours accessible en cliquant sur le cadenas.<\/p>\n<p>Vous trouverez \u00e9galement plus d&rsquo;informations sur le traitement de vos donn\u00e9es personnelles dans le centre de contr\u00f4le, en consultant notre Politique de confidentialit\u00e9 sous la rubrique \u00ab\u00a0Politique de confidentialit\u00e9\u00a0\u00bb &gt; \u00ab\u00a0Voir la politique\u00a0\u00bb. Veuillez indiquer votre identifiant de consentement et la date \u00e0 laquelle vous nous avez contact\u00e9s concernant votre consentement.<\/p>\n<\/div><\/div><\/div><\/div><\/div>\n","protected":false},"excerpt":{"rendered":"","protected":false},"author":3,"featured_media":0,"parent":0,"menu_order":0,"comment_status":"closed","ping_status":"open","template":"","meta":{"footnotes":""},"class_list":["post-7949","page","type-page","status-publish","hentry"],"yoast_head":"<!-- This site is optimized with the Yoast SEO plugin v27.4 - https:\/\/yoast.com\/product\/yoast-seo-wordpress\/ -->\n<title>Cookie Policy - NEST<\/title>\n<meta name=\"robots\" content=\"noindex, follow, max-snippet:-1, max-image-preview:large, max-video-preview:-1\" \/>\n<meta property=\"og:locale\" content=\"fr_FR\" \/>\n<meta property=\"og:type\" content=\"article\" \/>\n<meta property=\"og:title\" content=\"Cookie Policy - NEST\" \/>\n<meta property=\"og:url\" content=\"https:\/\/nest.paolochiesifoundation.org\/fr\/cookie-policy\/\" \/>\n<meta property=\"og:site_name\" content=\"NEST\" \/>\n<meta property=\"article:modified_time\" content=\"2025-12-03T13:52:56+00:00\" \/>\n<meta name=\"twitter:card\" content=\"summary_large_image\" \/>\n<meta name=\"twitter:label1\" content=\"Dur\u00e9e de lecture estim\u00e9e\" \/>\n\t<meta name=\"twitter:data1\" content=\"3 minutes\" \/>\n<script type=\"application\/ld+json\" class=\"yoast-schema-graph\">{\"@context\":\"https:\\\/\\\/schema.org\",\"@graph\":[{\"@type\":\"WebPage\",\"@id\":\"https:\\\/\\\/nest.paolochiesifoundation.org\\\/fr\\\/cookie-policy\\\/\",\"url\":\"https:\\\/\\\/nest.paolochiesifoundation.org\\\/fr\\\/cookie-policy\\\/\",\"name\":\"Cookie Policy - NEST\",\"isPartOf\":{\"@id\":\"https:\\\/\\\/nest.paolochiesifoundation.org\\\/fr\\\/#website\"},\"datePublished\":\"2025-09-10T08:47:02+00:00\",\"dateModified\":\"2025-12-03T13:52:56+00:00\",\"breadcrumb\":{\"@id\":\"https:\\\/\\\/nest.paolochiesifoundation.org\\\/fr\\\/cookie-policy\\\/#breadcrumb\"},\"inLanguage\":\"fr-FR\",\"potentialAction\":[{\"@type\":\"ReadAction\",\"target\":[\"https:\\\/\\\/nest.paolochiesifoundation.org\\\/fr\\\/cookie-policy\\\/\"]}]},{\"@type\":\"BreadcrumbList\",\"@id\":\"https:\\\/\\\/nest.paolochiesifoundation.org\\\/fr\\\/cookie-policy\\\/#breadcrumb\",\"itemListElement\":[{\"@type\":\"ListItem\",\"position\":1,\"name\":\"Home\",\"item\":\"https:\\\/\\\/nest.paolochiesifoundation.org\\\/fr\\\/\"},{\"@type\":\"ListItem\",\"position\":2,\"name\":\"Cookie Policy\"}]},{\"@type\":\"WebSite\",\"@id\":\"https:\\\/\\\/nest.paolochiesifoundation.org\\\/fr\\\/#website\",\"url\":\"https:\\\/\\\/nest.paolochiesifoundation.org\\\/fr\\\/\",\"name\":\"NEST\",\"description\":\"\",\"potentialAction\":[{\"@type\":\"SearchAction\",\"target\":{\"@type\":\"EntryPoint\",\"urlTemplate\":\"https:\\\/\\\/nest.paolochiesifoundation.org\\\/fr\\\/?s={search_term_string}\"},\"query-input\":{\"@type\":\"PropertyValueSpecification\",\"valueRequired\":true,\"valueName\":\"search_term_string\"}}],\"inLanguage\":\"fr-FR\"}]}<\/script>\n<!-- \/ Yoast SEO plugin. -->","yoast_head_json":{"title":"Cookie Policy - NEST","robots":{"index":"noindex","follow":"follow","max-snippet":"max-snippet:-1","max-image-preview":"max-image-preview:large","max-video-preview":"max-video-preview:-1"},"og_locale":"fr_FR","og_type":"article","og_title":"Cookie Policy - NEST","og_url":"https:\/\/nest.paolochiesifoundation.org\/fr\/cookie-policy\/","og_site_name":"NEST","article_modified_time":"2025-12-03T13:52:56+00:00","twitter_card":"summary_large_image","twitter_misc":{"Dur\u00e9e de lecture estim\u00e9e":"3 minutes"},"schema":{"@context":"https:\/\/schema.org","@graph":[{"@type":"WebPage","@id":"https:\/\/nest.paolochiesifoundation.org\/fr\/cookie-policy\/","url":"https:\/\/nest.paolochiesifoundation.org\/fr\/cookie-policy\/","name":"Cookie Policy - NEST","isPartOf":{"@id":"https:\/\/nest.paolochiesifoundation.org\/fr\/#website"},"datePublished":"2025-09-10T08:47:02+00:00","dateModified":"2025-12-03T13:52:56+00:00","breadcrumb":{"@id":"https:\/\/nest.paolochiesifoundation.org\/fr\/cookie-policy\/#breadcrumb"},"inLanguage":"fr-FR","potentialAction":[{"@type":"ReadAction","target":["https:\/\/nest.paolochiesifoundation.org\/fr\/cookie-policy\/"]}]},{"@type":"BreadcrumbList","@id":"https:\/\/nest.paolochiesifoundation.org\/fr\/cookie-policy\/#breadcrumb","itemListElement":[{"@type":"ListItem","position":1,"name":"Home","item":"https:\/\/nest.paolochiesifoundation.org\/fr\/"},{"@type":"ListItem","position":2,"name":"Cookie Policy"}]},{"@type":"WebSite","@id":"https:\/\/nest.paolochiesifoundation.org\/fr\/#website","url":"https:\/\/nest.paolochiesifoundation.org\/fr\/","name":"NEST","description":"","potentialAction":[{"@type":"SearchAction","target":{"@type":"EntryPoint","urlTemplate":"https:\/\/nest.paolochiesifoundation.org\/fr\/?s={search_term_string}"},"query-input":{"@type":"PropertyValueSpecification","valueRequired":true,"valueName":"search_term_string"}}],"inLanguage":"fr-FR"}]}},"_links":{"self":[{"href":"https:\/\/nest.paolochiesifoundation.org\/fr\/wp-json\/wp\/v2\/pages\/7949","targetHints":{"allow":["GET"]}}],"collection":[{"href":"https:\/\/nest.paolochiesifoundation.org\/fr\/wp-json\/wp\/v2\/pages"}],"about":[{"href":"https:\/\/nest.paolochiesifoundation.org\/fr\/wp-json\/wp\/v2\/types\/page"}],"author":[{"embeddable":true,"href":"https:\/\/nest.paolochiesifoundation.org\/fr\/wp-json\/wp\/v2\/users\/3"}],"replies":[{"embeddable":true,"href":"https:\/\/nest.paolochiesifoundation.org\/fr\/wp-json\/wp\/v2\/comments?post=7949"}],"version-history":[{"count":2,"href":"https:\/\/nest.paolochiesifoundation.org\/fr\/wp-json\/wp\/v2\/pages\/7949\/revisions"}],"predecessor-version":[{"id":7953,"href":"https:\/\/nest.paolochiesifoundation.org\/fr\/wp-json\/wp\/v2\/pages\/7949\/revisions\/7953"}],"wp:attachment":[{"href":"https:\/\/nest.paolochiesifoundation.org\/fr\/wp-json\/wp\/v2\/media?parent=7949"}],"curies":[{"name":"wp","href":"https:\/\/api.w.org\/{rel}","templated":true}]}}