{"id":7946,"date":"2025-09-10T10:48:29","date_gmt":"2025-09-10T08:48:29","guid":{"rendered":"https:\/\/nest.paolochiesifoundation.org\/?page_id=7946"},"modified":"2025-12-03T14:10:16","modified_gmt":"2025-12-03T13:10:16","slug":"credits","status":"publish","type":"page","link":"https:\/\/nest.paolochiesifoundation.org\/fr\/credits\/","title":{"rendered":"Cr\u00e9dits du site"},"content":{"rendered":"<div class=\"fusion-fullwidth fullwidth-box fusion-builder-row-1 fusion-flex-container has-pattern-background has-mask-background nonhundred-percent-fullwidth non-hundred-percent-height-scrolling\" style=\"--awb-border-radius-top-left:0px;--awb-border-radius-top-right:0px;--awb-border-radius-bottom-right:0px;--awb-border-radius-bottom-left:0px;--awb-flex-wrap:wrap;\" ><div class=\"fusion-builder-row fusion-row fusion-flex-align-items-flex-start fusion-flex-justify-content-center fusion-flex-content-wrap\" style=\"max-width:1996.8px;margin-left: calc(-4% \/ 2 );margin-right: calc(-4% \/ 2 );\"><div class=\"fusion-layout-column fusion_builder_column fusion-builder-column-0 fusion-flex-column\" style=\"--awb-bg-size:cover;--awb-width-large:60%;--awb-margin-top-large:0px;--awb-spacing-right-large:3.2%;--awb-margin-bottom-large:20px;--awb-spacing-left-large:3.2%;--awb-width-medium:100%;--awb-order-medium:0;--awb-spacing-right-medium:1.92%;--awb-spacing-left-medium:1.92%;--awb-width-small:100%;--awb-order-small:0;--awb-spacing-right-small:1.92%;--awb-spacing-left-small:1.92%;\"><div class=\"fusion-column-wrapper fusion-column-has-shadow fusion-flex-justify-content-flex-start fusion-content-layout-column\"><div class=\"fusion-text fusion-text-1 fusion-no-small-visibility\" style=\"--awb-content-alignment:center;--awb-font-size:56px;--awb-line-height:1;--awb-text-color:var(--awb-custom_color_1);--awb-margin-top:30px;--awb-text-font-family:&quot;Montserrat&quot;;--awb-text-font-style:normal;--awb-text-font-weight:700;\"><p><span class=\"highlight-title\">Cr\u00e9dits<\/span><\/p>\n<\/div><div class=\"fusion-text fusion-text-2 fusion-no-medium-visibility fusion-no-large-visibility\" style=\"--awb-content-alignment:center;--awb-font-size:56px;--awb-line-height:1;--awb-text-color:var(--awb-custom_color_1);--awb-margin-top:30px;--awb-text-font-family:&quot;Montserrat&quot;;--awb-text-font-style:normal;--awb-text-font-weight:700;\"><p>Cr\u00e9dits<\/p>\n<\/div><div class=\"fusion-text fusion-text-3 fusion-text-no-margin\" style=\"--awb-content-alignment:center;--awb-font-size:22px;--awb-line-height:1.4;--awb-text-color:var(--awb-custom_color_1);--awb-margin-top:55px;--awb-margin-bottom:15px;--awb-text-font-family:&quot;Lexend&quot;;--awb-text-font-style:normal;--awb-text-font-weight:500;\"><p>d\u00e9veloppement web<\/p>\n<\/div><div class=\"fusion-image-element \" style=\"text-align:center;--awb-margin-top:20px;--awb-max-width:250px;--awb-caption-title-font-family:var(--h2_typography-font-family);--awb-caption-title-font-weight:var(--h2_typography-font-weight);--awb-caption-title-font-style:var(--h2_typography-font-style);--awb-caption-title-size:var(--h2_typography-font-size);--awb-caption-title-transform:var(--h2_typography-text-transform);--awb-caption-title-line-height:var(--h2_typography-line-height);--awb-caption-title-letter-spacing:var(--h2_typography-letter-spacing);\"><span class=\" fusion-imageframe imageframe-none imageframe-1 hover-type-none\"><img decoding=\"async\" width=\"150\" height=\"150\" alt=\"Pennisi Alicia\" title=\"Pennisi Alicia\" src=\"data:image\/svg+xml,%3Csvg%20xmlns%3D%27http%3A%2F%2Fwww.w3.org%2F2000%2Fsvg%27%20width%3D%27189%27%20height%3D%27175%27%20viewBox%3D%270%200%20189%20175%27%3E%3Crect%20width%3D%27189%27%20height%3D%27175%27%20fill-opacity%3D%220%22%2F%3E%3C%2Fsvg%3E\" data-orig-src=\"https:\/\/nest.paolochiesifoundation.org\/wp-content\/uploads\/2025\/11\/logo-scritta-s-150x150.png\" class=\"lazyload img-responsive wp-image-7944\"\/><\/span><\/div><div class=\"fusion-text fusion-text-4 fusion-text-no-margin\" style=\"--awb-content-alignment:center;--awb-font-size:16px;--awb-line-height:1.4;--awb-text-color:var(--awb-custom_color_1);--awb-margin-top:25px;--awb-margin-bottom:55px;--awb-text-font-family:&quot;Lexend&quot;;--awb-text-font-style:normal;--awb-text-font-weight:400;\"><p><strong>Alicia Pennisi<\/strong><br \/>\n<a style=\"color: #445878; text-decoration: underline;\" href=\"mailto:alicia.pennisi@3hm.it\" target=\"_blank\" rel=\"noopener\">alicia.pennisi@3hm.it<\/a><\/p>\n<\/div><div class=\"fusion-text fusion-text-5 fusion-text-no-margin\" style=\"--awb-content-alignment:center;--awb-font-size:22px;--awb-line-height:1.4;--awb-text-color:var(--awb-custom_color_1);--awb-margin-top:55px;--awb-margin-bottom:15px;--awb-text-font-family:&quot;Lexend&quot;;--awb-text-font-style:normal;--awb-text-font-weight:500;\"><p>conception graphique<\/p>\n<\/div><div class=\"fusion-image-element \" style=\"text-align:center;--awb-margin-top:20px;--awb-max-width:250px;--awb-caption-title-font-family:var(--h2_typography-font-family);--awb-caption-title-font-weight:var(--h2_typography-font-weight);--awb-caption-title-font-style:var(--h2_typography-font-style);--awb-caption-title-size:var(--h2_typography-font-size);--awb-caption-title-transform:var(--h2_typography-text-transform);--awb-caption-title-line-height:var(--h2_typography-line-height);--awb-caption-title-letter-spacing:var(--h2_typography-letter-spacing);\"><span class=\" fusion-imageframe imageframe-none imageframe-2 hover-type-none\"><a class=\"fusion-no-lightbox\" href=\"https:\/\/www.marcobinelli.com\" target=\"_blank\" aria-label=\"Marco Binelli\" rel=\"noopener noreferrer\"><img decoding=\"async\" width=\"150\" height=\"150\" alt=\"Marco Binelli\" src=\"https:\/\/nest.paolochiesifoundation.org\/wp-content\/uploads\/2025\/11\/LogoMB.png\" data-orig-src=\"https:\/\/nest.paolochiesifoundation.org\/wp-content\/uploads\/2025\/11\/LogoMB-150x150.png\" class=\"lazyload img-responsive wp-image-7945\" srcset=\"data:image\/svg+xml,%3Csvg%20xmlns%3D%27http%3A%2F%2Fwww.w3.org%2F2000%2Fsvg%27%20width%3D%271440%27%20height%3D%271440%27%20viewBox%3D%270%200%201440%201440%27%3E%3Crect%20width%3D%271440%27%20height%3D%271440%27%20fill-opacity%3D%220%22%2F%3E%3C%2Fsvg%3E\" data-srcset=\"https:\/\/nest.paolochiesifoundation.org\/wp-content\/uploads\/2025\/11\/LogoMB-200x200.png 200w, https:\/\/nest.paolochiesifoundation.org\/wp-content\/uploads\/2025\/11\/LogoMB-400x400.png 400w, https:\/\/nest.paolochiesifoundation.org\/wp-content\/uploads\/2025\/11\/LogoMB-600x600.png 600w, https:\/\/nest.paolochiesifoundation.org\/wp-content\/uploads\/2025\/11\/LogoMB-800x800.png 800w, https:\/\/nest.paolochiesifoundation.org\/wp-content\/uploads\/2025\/11\/LogoMB-1200x1200.png 1200w, https:\/\/nest.paolochiesifoundation.org\/wp-content\/uploads\/2025\/11\/LogoMB.png 1440w\" data-sizes=\"auto\" data-orig-sizes=\"(max-width: 1024px) 100vw, (max-width: 640px) 100vw, 1200px\" \/><\/a><\/span><\/div><div class=\"fusion-text fusion-text-6 fusion-text-no-margin\" style=\"--awb-content-alignment:center;--awb-font-size:16px;--awb-line-height:1.4;--awb-text-color:var(--awb-custom_color_1);--awb-margin-top:25px;--awb-margin-bottom:55px;--awb-text-font-family:&quot;Lexend&quot;;--awb-text-font-style:normal;--awb-text-font-weight:400;\"><p><strong>Marco Binelli<br \/>\n<\/strong><a style=\"color: #445878; text-decoration: underline;\" href=\"http:\/\/www.marcobinelli.com\" target=\"_blank\" rel=\"noopener\"> www.marcobinelli.com<\/a><br \/>\n<a style=\"color: #445878; text-decoration: underline;\" href=\"mailto:info@marcobinelli.com\" target=\"_blank\" rel=\"noopener\">info@marcobinelli.com<\/a><\/p>\n<\/div><\/div><\/div><\/div><\/div>\n","protected":false},"excerpt":{"rendered":"","protected":false},"author":3,"featured_media":0,"parent":0,"menu_order":0,"comment_status":"closed","ping_status":"closed","template":"100-width.php","meta":{"footnotes":""},"class_list":["post-7946","page","type-page","status-publish","hentry"],"yoast_head":"<!-- This site is optimized with the Yoast SEO plugin v27.4 - https:\/\/yoast.com\/product\/yoast-seo-wordpress\/ -->\n<title>Cr\u00e9dits du site - NEST<\/title>\n<meta name=\"description\" content=\"Sur cette page, vous trouverez les cr\u00e9dits pour le d\u00e9veloppement et la conception du site web du mod\u00e8le NEST.\" \/>\n<meta name=\"robots\" content=\"noindex, follow, max-snippet:-1, max-image-preview:large, max-video-preview:-1\" \/>\n<meta property=\"og:locale\" content=\"fr_FR\" \/>\n<meta property=\"og:type\" content=\"article\" \/>\n<meta property=\"og:title\" content=\"Cr\u00e9dits du site - NEST\" \/>\n<meta property=\"og:description\" content=\"Sur cette page, vous trouverez les cr\u00e9dits pour le d\u00e9veloppement et la conception du site web du mod\u00e8le NEST.\" \/>\n<meta property=\"og:url\" content=\"https:\/\/nest.paolochiesifoundation.org\/fr\/credits\/\" \/>\n<meta property=\"og:site_name\" content=\"NEST\" \/>\n<meta property=\"article:modified_time\" content=\"2025-12-03T13:10:16+00:00\" \/>\n<meta name=\"twitter:card\" content=\"summary_large_image\" \/>\n<meta name=\"twitter:label1\" content=\"Dur\u00e9e de lecture estim\u00e9e\" \/>\n\t<meta name=\"twitter:data1\" content=\"1 minute\" \/>\n<script type=\"application\/ld+json\" class=\"yoast-schema-graph\">{\"@context\":\"https:\\\/\\\/schema.org\",\"@graph\":[{\"@type\":\"WebPage\",\"@id\":\"https:\\\/\\\/nest.paolochiesifoundation.org\\\/fr\\\/credits\\\/\",\"url\":\"https:\\\/\\\/nest.paolochiesifoundation.org\\\/fr\\\/credits\\\/\",\"name\":\"Cr\u00e9dits du site - NEST\",\"isPartOf\":{\"@id\":\"https:\\\/\\\/nest.paolochiesifoundation.org\\\/fr\\\/#website\"},\"datePublished\":\"2025-09-10T08:48:29+00:00\",\"dateModified\":\"2025-12-03T13:10:16+00:00\",\"description\":\"Sur cette page, vous trouverez les cr\u00e9dits pour le d\u00e9veloppement et la conception du site web du mod\u00e8le NEST.\",\"breadcrumb\":{\"@id\":\"https:\\\/\\\/nest.paolochiesifoundation.org\\\/fr\\\/credits\\\/#breadcrumb\"},\"inLanguage\":\"fr-FR\",\"potentialAction\":[{\"@type\":\"ReadAction\",\"target\":[\"https:\\\/\\\/nest.paolochiesifoundation.org\\\/fr\\\/credits\\\/\"]}]},{\"@type\":\"BreadcrumbList\",\"@id\":\"https:\\\/\\\/nest.paolochiesifoundation.org\\\/fr\\\/credits\\\/#breadcrumb\",\"itemListElement\":[{\"@type\":\"ListItem\",\"position\":1,\"name\":\"Home\",\"item\":\"https:\\\/\\\/nest.paolochiesifoundation.org\\\/fr\\\/\"},{\"@type\":\"ListItem\",\"position\":2,\"name\":\"Cr\u00e9dits du site\"}]},{\"@type\":\"WebSite\",\"@id\":\"https:\\\/\\\/nest.paolochiesifoundation.org\\\/fr\\\/#website\",\"url\":\"https:\\\/\\\/nest.paolochiesifoundation.org\\\/fr\\\/\",\"name\":\"NEST\",\"description\":\"\",\"potentialAction\":[{\"@type\":\"SearchAction\",\"target\":{\"@type\":\"EntryPoint\",\"urlTemplate\":\"https:\\\/\\\/nest.paolochiesifoundation.org\\\/fr\\\/?s={search_term_string}\"},\"query-input\":{\"@type\":\"PropertyValueSpecification\",\"valueRequired\":true,\"valueName\":\"search_term_string\"}}],\"inLanguage\":\"fr-FR\"}]}<\/script>\n<!-- \/ Yoast SEO plugin. -->","yoast_head_json":{"title":"Cr\u00e9dits du site - NEST","description":"Sur cette page, vous trouverez les cr\u00e9dits pour le d\u00e9veloppement et la conception du site web du mod\u00e8le NEST.","robots":{"index":"noindex","follow":"follow","max-snippet":"max-snippet:-1","max-image-preview":"max-image-preview:large","max-video-preview":"max-video-preview:-1"},"og_locale":"fr_FR","og_type":"article","og_title":"Cr\u00e9dits du site - NEST","og_description":"Sur cette page, vous trouverez les cr\u00e9dits pour le d\u00e9veloppement et la conception du site web du mod\u00e8le NEST.","og_url":"https:\/\/nest.paolochiesifoundation.org\/fr\/credits\/","og_site_name":"NEST","article_modified_time":"2025-12-03T13:10:16+00:00","twitter_card":"summary_large_image","twitter_misc":{"Dur\u00e9e de lecture estim\u00e9e":"1 minute"},"schema":{"@context":"https:\/\/schema.org","@graph":[{"@type":"WebPage","@id":"https:\/\/nest.paolochiesifoundation.org\/fr\/credits\/","url":"https:\/\/nest.paolochiesifoundation.org\/fr\/credits\/","name":"Cr\u00e9dits du site - NEST","isPartOf":{"@id":"https:\/\/nest.paolochiesifoundation.org\/fr\/#website"},"datePublished":"2025-09-10T08:48:29+00:00","dateModified":"2025-12-03T13:10:16+00:00","description":"Sur cette page, vous trouverez les cr\u00e9dits pour le d\u00e9veloppement et la conception du site web du mod\u00e8le NEST.","breadcrumb":{"@id":"https:\/\/nest.paolochiesifoundation.org\/fr\/credits\/#breadcrumb"},"inLanguage":"fr-FR","potentialAction":[{"@type":"ReadAction","target":["https:\/\/nest.paolochiesifoundation.org\/fr\/credits\/"]}]},{"@type":"BreadcrumbList","@id":"https:\/\/nest.paolochiesifoundation.org\/fr\/credits\/#breadcrumb","itemListElement":[{"@type":"ListItem","position":1,"name":"Home","item":"https:\/\/nest.paolochiesifoundation.org\/fr\/"},{"@type":"ListItem","position":2,"name":"Cr\u00e9dits du site"}]},{"@type":"WebSite","@id":"https:\/\/nest.paolochiesifoundation.org\/fr\/#website","url":"https:\/\/nest.paolochiesifoundation.org\/fr\/","name":"NEST","description":"","potentialAction":[{"@type":"SearchAction","target":{"@type":"EntryPoint","urlTemplate":"https:\/\/nest.paolochiesifoundation.org\/fr\/?s={search_term_string}"},"query-input":{"@type":"PropertyValueSpecification","valueRequired":true,"valueName":"search_term_string"}}],"inLanguage":"fr-FR"}]}},"_links":{"self":[{"href":"https:\/\/nest.paolochiesifoundation.org\/fr\/wp-json\/wp\/v2\/pages\/7946","targetHints":{"allow":["GET"]}}],"collection":[{"href":"https:\/\/nest.paolochiesifoundation.org\/fr\/wp-json\/wp\/v2\/pages"}],"about":[{"href":"https:\/\/nest.paolochiesifoundation.org\/fr\/wp-json\/wp\/v2\/types\/page"}],"author":[{"embeddable":true,"href":"https:\/\/nest.paolochiesifoundation.org\/fr\/wp-json\/wp\/v2\/users\/3"}],"replies":[{"embeddable":true,"href":"https:\/\/nest.paolochiesifoundation.org\/fr\/wp-json\/wp\/v2\/comments?post=7946"}],"version-history":[{"count":1,"href":"https:\/\/nest.paolochiesifoundation.org\/fr\/wp-json\/wp\/v2\/pages\/7946\/revisions"}],"predecessor-version":[{"id":7947,"href":"https:\/\/nest.paolochiesifoundation.org\/fr\/wp-json\/wp\/v2\/pages\/7946\/revisions\/7947"}],"wp:attachment":[{"href":"https:\/\/nest.paolochiesifoundation.org\/fr\/wp-json\/wp\/v2\/media?parent=7946"}],"curies":[{"name":"wp","href":"https:\/\/api.w.org\/{rel}","templated":true}]}}