{"id":7863,"date":"2025-09-10T10:33:12","date_gmt":"2025-09-10T08:33:12","guid":{"rendered":"https:\/\/nest.paolochiesifoundation.org\/?page_id=7863"},"modified":"2025-12-03T16:17:04","modified_gmt":"2025-12-03T15:17:04","slug":"contacts","status":"publish","type":"page","link":"https:\/\/nest.paolochiesifoundation.org\/fr\/contacts\/","title":{"rendered":"Contacts"},"content":{"rendered":"<div class=\"fusion-fullwidth fullwidth-box fusion-builder-row-1 fusion-flex-container has-pattern-background has-mask-background nonhundred-percent-fullwidth non-hundred-percent-height-scrolling\" style=\"--awb-border-radius-top-left:0px;--awb-border-radius-top-right:0px;--awb-border-radius-bottom-right:0px;--awb-border-radius-bottom-left:0px;--awb-flex-wrap:wrap;\" ><div class=\"fusion-builder-row fusion-row fusion-flex-align-items-flex-start fusion-flex-justify-content-center fusion-flex-content-wrap\" style=\"max-width:1996.8px;margin-left: calc(-4% \/ 2 );margin-right: calc(-4% \/ 2 );\"><div class=\"fusion-layout-column fusion_builder_column fusion-builder-column-0 fusion-flex-column\" style=\"--awb-bg-size:cover;--awb-width-large:60%;--awb-margin-top-large:0px;--awb-spacing-right-large:3.2%;--awb-margin-bottom-large:20px;--awb-spacing-left-large:3.2%;--awb-width-medium:100%;--awb-order-medium:0;--awb-spacing-right-medium:1.92%;--awb-spacing-left-medium:1.92%;--awb-width-small:100%;--awb-order-small:0;--awb-spacing-right-small:1.92%;--awb-spacing-left-small:1.92%;\"><div class=\"fusion-column-wrapper fusion-column-has-shadow fusion-flex-justify-content-flex-start fusion-content-layout-column\"><div class=\"fusion-text fusion-text-1 fusion-no-small-visibility\" style=\"--awb-content-alignment:center;--awb-font-size:56px;--awb-line-height:1;--awb-text-color:var(--awb-custom_color_1);--awb-margin-top:30px;--awb-text-font-family:&quot;Montserrat&quot;;--awb-text-font-style:normal;--awb-text-font-weight:700;\"><p><span class=\"highlight-title\">Contacts<\/span><\/p>\n<\/div><div class=\"fusion-text fusion-text-2 fusion-no-medium-visibility fusion-no-large-visibility\" style=\"--awb-content-alignment:center;--awb-font-size:56px;--awb-line-height:1;--awb-text-color:var(--awb-custom_color_1);--awb-margin-top:30px;--awb-text-font-family:&quot;Montserrat&quot;;--awb-text-font-style:normal;--awb-text-font-weight:700;\"><p>Contacts<\/p>\n<\/div><div class=\"fusion-image-element \" style=\"text-align:center;--awb-margin-top:20px;--awb-max-width:250px;--awb-caption-title-font-family:var(--h2_typography-font-family);--awb-caption-title-font-weight:var(--h2_typography-font-weight);--awb-caption-title-font-style:var(--h2_typography-font-style);--awb-caption-title-size:var(--h2_typography-font-size);--awb-caption-title-transform:var(--h2_typography-text-transform);--awb-caption-title-line-height:var(--h2_typography-line-height);--awb-caption-title-letter-spacing:var(--h2_typography-letter-spacing);\"><span class=\" fusion-imageframe imageframe-none imageframe-1 hover-type-none\"><a class=\"fusion-no-lightbox\" href=\"https:\/\/www.paolochiesifoundation.org\/fr\/\" target=\"_blank\" aria-label=\"Paolo Chiesi Foundation\" rel=\"noopener noreferrer\"><img decoding=\"async\" width=\"1567\" height=\"680\" alt=\"Paolo Chiesi Foundation&#039;s Contacts\" src=\"https:\/\/nest.paolochiesifoundation.org\/wp-content\/uploads\/2025\/10\/PCF-logo-pos-e1761342662221.png\" data-orig-src=\"https:\/\/nest.paolochiesifoundation.org\/wp-content\/uploads\/2025\/10\/PCF-logo-pos-e1761342662221.png\" class=\"lazyload img-responsive wp-image-7862\" srcset=\"data:image\/svg+xml,%3Csvg%20xmlns%3D%27http%3A%2F%2Fwww.w3.org%2F2000%2Fsvg%27%20width%3D%271567%27%20height%3D%27680%27%20viewBox%3D%270%200%201567%20680%27%3E%3Crect%20width%3D%271567%27%20height%3D%27680%27%20fill-opacity%3D%220%22%2F%3E%3C%2Fsvg%3E\" data-srcset=\"https:\/\/nest.paolochiesifoundation.org\/wp-content\/uploads\/2025\/10\/PCF-logo-pos-e1761342662221-200x87.png 200w, https:\/\/nest.paolochiesifoundation.org\/wp-content\/uploads\/2025\/10\/PCF-logo-pos-e1761342662221-400x174.png 400w, https:\/\/nest.paolochiesifoundation.org\/wp-content\/uploads\/2025\/10\/PCF-logo-pos-e1761342662221-600x260.png 600w, https:\/\/nest.paolochiesifoundation.org\/wp-content\/uploads\/2025\/10\/PCF-logo-pos-e1761342662221-800x347.png 800w, https:\/\/nest.paolochiesifoundation.org\/wp-content\/uploads\/2025\/10\/PCF-logo-pos-e1761342662221-1200x521.png 1200w, https:\/\/nest.paolochiesifoundation.org\/wp-content\/uploads\/2025\/10\/PCF-logo-pos-e1761342662221.png 1567w\" data-sizes=\"auto\" data-orig-sizes=\"(max-width: 1024px) 100vw, (max-width: 640px) 100vw, 1200px\" \/><\/a><\/span><\/div><div class=\"fusion-text fusion-text-3 fusion-text-no-margin\" style=\"--awb-content-alignment:center;--awb-font-size:16px;--awb-line-height:1.4;--awb-text-color:var(--awb-custom_color_1);--awb-margin-top:25px;--awb-margin-bottom:55px;--awb-text-font-family:&quot;Lexend&quot;;--awb-text-font-style:normal;--awb-text-font-weight:400;\"><p><a style=\"color: #445878; text-decoration: underline;\" href=\"mailto:info@paolochiesifoundation.org\" target=\"_blank\" rel=\"noopener\">info@paolochiesifoundation.org<\/a><\/p>\n<p><a style=\"color: #445878; text-decoration: underline;\" href=\"https:\/\/www.paolochiesifoundation.org\/fr\/\" target=\"_blank\" rel=\"noopener\">paolochiesifoundation.org<\/a><\/p>\n<p>Via Paradigna 131\/A<br \/>\n43122 &#8211; Parme (Italie)<br \/>\nCode fiscal 92130510347<\/p>\n<\/div>\n<div class=\"wpcf7 no-js\" id=\"wpcf7-f8018-o1\" lang=\"fr-FR\" dir=\"ltr\" data-wpcf7-id=\"8018\">\n<div class=\"screen-reader-response\"><p role=\"status\" aria-live=\"polite\" aria-atomic=\"true\"><\/p> <ul><\/ul><\/div>\n<form action=\"\/fr\/wp-json\/wp\/v2\/pages\/7863#wpcf7-f8018-o1\" method=\"post\" class=\"wpcf7-form init\" aria-label=\"Formulaire de contact\" novalidate=\"novalidate\" data-status=\"init\">\n<fieldset class=\"hidden-fields-container\"><input type=\"hidden\" name=\"_wpcf7\" value=\"8018\" \/><input type=\"hidden\" name=\"_wpcf7_version\" value=\"6.1.5\" \/><input type=\"hidden\" name=\"_wpcf7_locale\" value=\"fr_FR\" \/><input type=\"hidden\" name=\"_wpcf7_unit_tag\" value=\"wpcf7-f8018-o1\" \/><input type=\"hidden\" name=\"_wpcf7_container_post\" value=\"0\" \/><input type=\"hidden\" name=\"_wpcf7_posted_data_hash\" value=\"\" \/>\n<\/fieldset>\n<div class=\"cf7-card\">\n\t<h2 class=\"cf7-title\">Prenez contact avec nous\n\t<\/h2>\n\t<div class=\"cf7-row\">\n\t\t<div class=\"cf7-col half\">\n\t\t\t<p><label>Pr\u00e9nom <span class=\"req\">*<\/span><\/label><br \/>\n<span class=\"wpcf7-form-control-wrap\" data-name=\"first-name\"><input size=\"40\" maxlength=\"400\" class=\"wpcf7-form-control wpcf7-text wpcf7-validates-as-required\" aria-required=\"true\" aria-invalid=\"false\" placeholder=\"Pr\u00e9nom\" value=\"\" type=\"text\" name=\"first-name\" \/><\/span>\n\t\t\t<\/p>\n\t\t<\/div>\n\t\t<div class=\"cf7-col half\">\n\t\t\t<p><label>Nom de famille <span class=\"req\">*<\/span><\/label><br \/>\n<span class=\"wpcf7-form-control-wrap\" data-name=\"last-name\"><input size=\"40\" maxlength=\"400\" class=\"wpcf7-form-control wpcf7-text wpcf7-validates-as-required\" aria-required=\"true\" aria-invalid=\"false\" placeholder=\"Nom de famille\" value=\"\" type=\"text\" name=\"last-name\" \/><\/span>\n\t\t\t<\/p>\n\t\t<\/div>\n\t<\/div>\n\t<div class=\"cf7-row\">\n\t\t<div class=\"cf7-col\">\n\t\t\t<p><label>E-mail <span class=\"req\">*<\/span><\/label><br \/>\n<span class=\"wpcf7-form-control-wrap\" data-name=\"your-email\"><input size=\"40\" maxlength=\"400\" class=\"wpcf7-form-control wpcf7-email wpcf7-validates-as-required wpcf7-text wpcf7-validates-as-email\" aria-required=\"true\" aria-invalid=\"false\" placeholder=\"toi@entreprise.fr\" value=\"\" type=\"email\" name=\"your-email\" \/><\/span>\n\t\t\t<\/p>\n\t\t<\/div>\n\t<\/div>\n\t<div class=\"cf7-row\">\n\t\t<div class=\"cf7-col\">\n\t\t\t<p><label>Message<\/label><br \/>\n<span class=\"wpcf7-form-control-wrap\" data-name=\"your-message\"><textarea cols=\"40\" rows=\"10\" maxlength=\"2000\" class=\"wpcf7-form-control wpcf7-textarea\" aria-invalid=\"false\" placeholder=\"Ecrivez votre message ici\" name=\"your-message\"><\/textarea><\/span>\n\t\t\t<\/p>\n\t\t<\/div>\n\t<\/div>\n\t<div class=\"cf7-actions\">\n\t\t<p><input class=\"wpcf7-form-control wpcf7-submit has-spinner\" type=\"submit\" value=\"Envoyer un message\" \/>\n\t\t<\/p>\n\t<\/div>\n<\/div><div class=\"fusion-alert alert custom alert-custom fusion-alert-center wpcf7-response-output awb-alert-native-link-color alert-dismissable awb-alert-close-boxed\" style=\"--awb-border-size:1px;--awb-border-top-left-radius:0px;--awb-border-top-right-radius:0px;--awb-border-bottom-left-radius:0px;--awb-border-bottom-right-radius:0px;\" role=\"alert\"><div class=\"fusion-alert-content-wrapper\"><span class=\"fusion-alert-content\"><\/span><\/div><button type=\"button\" class=\"close toggle-alert\" data-dismiss=\"alert\" aria-label=\"Close\">&times;<\/button><\/div>\n<\/form>\n<\/div>\n<\/div><\/div><\/div><\/div>\n","protected":false},"excerpt":{"rendered":"","protected":false},"author":3,"featured_media":0,"parent":0,"menu_order":0,"comment_status":"closed","ping_status":"closed","template":"100-width.php","meta":{"footnotes":""},"class_list":["post-7863","page","type-page","status-publish","hentry"],"yoast_head":"<!-- This site is optimized with the Yoast SEO plugin v27.4 - https:\/\/yoast.com\/product\/yoast-seo-wordpress\/ -->\n<title>Contacts - NEST<\/title>\n<meta name=\"description\" content=\"Contactez la Fondation Paolo Chiesi pour en savoir plus sur le mod\u00e8le NEST et sa mise en \u0153uvre dans des contextes \u00e0 faibles ressources.\" \/>\n<meta name=\"robots\" content=\"noindex, follow, max-snippet:-1, max-image-preview:large, max-video-preview:-1\" \/>\n<meta property=\"og:locale\" content=\"fr_FR\" \/>\n<meta property=\"og:type\" content=\"article\" \/>\n<meta property=\"og:title\" content=\"Contacts - NEST\" \/>\n<meta property=\"og:description\" content=\"Contactez la Fondation Paolo Chiesi pour en savoir plus sur le mod\u00e8le NEST et sa mise en \u0153uvre dans des contextes \u00e0 faibles ressources.\" \/>\n<meta property=\"og:url\" content=\"https:\/\/nest.paolochiesifoundation.org\/fr\/contacts\/\" \/>\n<meta property=\"og:site_name\" content=\"NEST\" \/>\n<meta property=\"article:modified_time\" content=\"2025-12-03T15:17:04+00:00\" \/>\n<meta name=\"twitter:card\" content=\"summary_large_image\" \/>\n<meta name=\"twitter:label1\" content=\"Dur\u00e9e de lecture estim\u00e9e\" \/>\n\t<meta name=\"twitter:data1\" content=\"1 minute\" \/>\n<script type=\"application\/ld+json\" class=\"yoast-schema-graph\">{\"@context\":\"https:\\\/\\\/schema.org\",\"@graph\":[{\"@type\":\"WebPage\",\"@id\":\"https:\\\/\\\/nest.paolochiesifoundation.org\\\/fr\\\/contacts\\\/\",\"url\":\"https:\\\/\\\/nest.paolochiesifoundation.org\\\/fr\\\/contacts\\\/\",\"name\":\"Contacts - NEST\",\"isPartOf\":{\"@id\":\"https:\\\/\\\/nest.paolochiesifoundation.org\\\/fr\\\/#website\"},\"datePublished\":\"2025-09-10T08:33:12+00:00\",\"dateModified\":\"2025-12-03T15:17:04+00:00\",\"description\":\"Contactez la Fondation Paolo Chiesi pour en savoir plus sur le mod\u00e8le NEST et sa mise en \u0153uvre dans des contextes \u00e0 faibles ressources.\",\"breadcrumb\":{\"@id\":\"https:\\\/\\\/nest.paolochiesifoundation.org\\\/fr\\\/contacts\\\/#breadcrumb\"},\"inLanguage\":\"fr-FR\",\"potentialAction\":[{\"@type\":\"ReadAction\",\"target\":[\"https:\\\/\\\/nest.paolochiesifoundation.org\\\/fr\\\/contacts\\\/\"]}]},{\"@type\":\"BreadcrumbList\",\"@id\":\"https:\\\/\\\/nest.paolochiesifoundation.org\\\/fr\\\/contacts\\\/#breadcrumb\",\"itemListElement\":[{\"@type\":\"ListItem\",\"position\":1,\"name\":\"Home\",\"item\":\"https:\\\/\\\/nest.paolochiesifoundation.org\\\/fr\\\/\"},{\"@type\":\"ListItem\",\"position\":2,\"name\":\"Contacts\"}]},{\"@type\":\"WebSite\",\"@id\":\"https:\\\/\\\/nest.paolochiesifoundation.org\\\/fr\\\/#website\",\"url\":\"https:\\\/\\\/nest.paolochiesifoundation.org\\\/fr\\\/\",\"name\":\"NEST\",\"description\":\"\",\"potentialAction\":[{\"@type\":\"SearchAction\",\"target\":{\"@type\":\"EntryPoint\",\"urlTemplate\":\"https:\\\/\\\/nest.paolochiesifoundation.org\\\/fr\\\/?s={search_term_string}\"},\"query-input\":{\"@type\":\"PropertyValueSpecification\",\"valueRequired\":true,\"valueName\":\"search_term_string\"}}],\"inLanguage\":\"fr-FR\"}]}<\/script>\n<!-- \/ Yoast SEO plugin. -->","yoast_head_json":{"title":"Contacts - NEST","description":"Contactez la Fondation Paolo Chiesi pour en savoir plus sur le mod\u00e8le NEST et sa mise en \u0153uvre dans des contextes \u00e0 faibles ressources.","robots":{"index":"noindex","follow":"follow","max-snippet":"max-snippet:-1","max-image-preview":"max-image-preview:large","max-video-preview":"max-video-preview:-1"},"og_locale":"fr_FR","og_type":"article","og_title":"Contacts - NEST","og_description":"Contactez la Fondation Paolo Chiesi pour en savoir plus sur le mod\u00e8le NEST et sa mise en \u0153uvre dans des contextes \u00e0 faibles ressources.","og_url":"https:\/\/nest.paolochiesifoundation.org\/fr\/contacts\/","og_site_name":"NEST","article_modified_time":"2025-12-03T15:17:04+00:00","twitter_card":"summary_large_image","twitter_misc":{"Dur\u00e9e de lecture estim\u00e9e":"1 minute"},"schema":{"@context":"https:\/\/schema.org","@graph":[{"@type":"WebPage","@id":"https:\/\/nest.paolochiesifoundation.org\/fr\/contacts\/","url":"https:\/\/nest.paolochiesifoundation.org\/fr\/contacts\/","name":"Contacts - NEST","isPartOf":{"@id":"https:\/\/nest.paolochiesifoundation.org\/fr\/#website"},"datePublished":"2025-09-10T08:33:12+00:00","dateModified":"2025-12-03T15:17:04+00:00","description":"Contactez la Fondation Paolo Chiesi pour en savoir plus sur le mod\u00e8le NEST et sa mise en \u0153uvre dans des contextes \u00e0 faibles ressources.","breadcrumb":{"@id":"https:\/\/nest.paolochiesifoundation.org\/fr\/contacts\/#breadcrumb"},"inLanguage":"fr-FR","potentialAction":[{"@type":"ReadAction","target":["https:\/\/nest.paolochiesifoundation.org\/fr\/contacts\/"]}]},{"@type":"BreadcrumbList","@id":"https:\/\/nest.paolochiesifoundation.org\/fr\/contacts\/#breadcrumb","itemListElement":[{"@type":"ListItem","position":1,"name":"Home","item":"https:\/\/nest.paolochiesifoundation.org\/fr\/"},{"@type":"ListItem","position":2,"name":"Contacts"}]},{"@type":"WebSite","@id":"https:\/\/nest.paolochiesifoundation.org\/fr\/#website","url":"https:\/\/nest.paolochiesifoundation.org\/fr\/","name":"NEST","description":"","potentialAction":[{"@type":"SearchAction","target":{"@type":"EntryPoint","urlTemplate":"https:\/\/nest.paolochiesifoundation.org\/fr\/?s={search_term_string}"},"query-input":{"@type":"PropertyValueSpecification","valueRequired":true,"valueName":"search_term_string"}}],"inLanguage":"fr-FR"}]}},"_links":{"self":[{"href":"https:\/\/nest.paolochiesifoundation.org\/fr\/wp-json\/wp\/v2\/pages\/7863","targetHints":{"allow":["GET"]}}],"collection":[{"href":"https:\/\/nest.paolochiesifoundation.org\/fr\/wp-json\/wp\/v2\/pages"}],"about":[{"href":"https:\/\/nest.paolochiesifoundation.org\/fr\/wp-json\/wp\/v2\/types\/page"}],"author":[{"embeddable":true,"href":"https:\/\/nest.paolochiesifoundation.org\/fr\/wp-json\/wp\/v2\/users\/3"}],"replies":[{"embeddable":true,"href":"https:\/\/nest.paolochiesifoundation.org\/fr\/wp-json\/wp\/v2\/comments?post=7863"}],"version-history":[{"count":3,"href":"https:\/\/nest.paolochiesifoundation.org\/fr\/wp-json\/wp\/v2\/pages\/7863\/revisions"}],"predecessor-version":[{"id":7979,"href":"https:\/\/nest.paolochiesifoundation.org\/fr\/wp-json\/wp\/v2\/pages\/7863\/revisions\/7979"}],"wp:attachment":[{"href":"https:\/\/nest.paolochiesifoundation.org\/fr\/wp-json\/wp\/v2\/media?parent=7863"}],"curies":[{"name":"wp","href":"https:\/\/api.w.org\/{rel}","templated":true}]}}